{"id":18,"date":"2017-01-30T03:42:19","date_gmt":"2017-01-30T03:42:19","guid":{"rendered":"https:\/\/demo.themegrill.com\/flash-construction-2\/?page_id=18"},"modified":"2024-05-15T13:13:38","modified_gmt":"2024-05-15T16:13:38","slug":"contact","status":"publish","type":"page","link":"http:\/\/refire.com.ar\/site\/contact\/","title":{"rendered":"Contacto"},"content":{"rendered":"<div id=\"pl-18\"  class=\"panel-layout\" ><div id=\"pg-18-0\"  class=\"panel-grid panel-has-style\" ><div class=\"siteorigin-panels-stretch panel-row-style panel-row-style-for-18-0\" data-stretch-type=\"full\" ><div id=\"pgc-18-0-0\"  class=\"panel-grid-cell\" ><div id=\"panel-18-0-0-0\" class=\"so-panel widget widget_siteorigin-panels-builder panel-first-child panel-last-child\" data-index=\"0\" ><div id=\"pl-w6644df32b99b4\"  class=\"panel-layout\" ><div id=\"pg-w6644df32b99b4-0\"  class=\"panel-grid panel-no-style\" ><div id=\"pgc-w6644df32b99b4-0-0\"  class=\"panel-grid-cell\" ><div id=\"panel-w6644df32b99b4-0-0-0\" class=\"so-panel widget widget_themegrill_flash_heading tg-widget section-title-wrapper panel-first-child panel-last-child\" data-index=\"0\" >\t<h3 class=\"section-title\">Conectate con nosotros<\/h3>\n<\/div><\/div><\/div><div id=\"pg-w6644df32b99b4-1\"  class=\"panel-grid panel-no-style\" ><div id=\"pgc-w6644df32b99b4-1-0\"  class=\"panel-grid-cell\" ><div id=\"panel-w6644df32b99b4-1-0-0\" class=\"so-panel widget widget_text panel-first-child\" data-index=\"1\" ><h3 class=\"widget-title\">Oficina principal<\/h3>\t\t\t<div class=\"textwidget\"><span>Direcci\u00f3n:<\/span><\/br>\n<span>Bv. De Los Alemanes 3093<\/span><\/br>\n<span>Barrio Los Boulevares<\/span><\/br>\n<span>C\u00f3rdoba - Argentina<\/span> <\/br>\n<span> C.P. X5022E0C<\/span><\/br>\n<span>Cel. Administraci\u00f3n: 351-2154614<\/span><\/br>\n<span>Cel. Ventas: 351-6808527<\/span><\/br>\n<span>Email: refire@refire.com.ar<\/span><\/br>\n<\/div>\n\t\t<\/div><div id=\"panel-w6644df32b99b4-1-0-1\" class=\"so-panel widget widget_text\" data-index=\"2\" ><div class=\"panel-widget-style panel-widget-style-for-w6644df32b99b4-1-0-1\" ><h3 class=\"widget-title\">Horario<\/h3>\t\t\t<div class=\"textwidget\"><span>Administraci\u00f3n:<\/span><\/br>\n<span>Lunes-Viernes 9:00 - 16:00<\/span><\/br>\n<span>S\u00e1bado y Domingo Cerrado<\/span>\n\n<\/div>\n\t\t<\/div><\/div><div id=\"panel-w6644df32b99b4-1-0-2\" class=\"so-panel widget widget_media_image panel-last-child\" data-index=\"3\" ><div class=\"panel-widget-style panel-widget-style-for-w6644df32b99b4-1-0-2\" ><h3 class=\"widget-title\">WhatsApp Ventas<\/h3><img loading=\"lazy\" decoding=\"async\" width=\"300\" height=\"300\" src=\"http:\/\/refire.com.ar\/site\/wp-content\/uploads\/2022\/09\/qrwsp.png\" class=\"image wp-image-2464  attachment-full size-full\" alt=\"\" style=\"max-width: 100%; height: auto;\" title=\"WhatsApp\" srcset=\"http:\/\/refire.com.ar\/site\/wp-content\/uploads\/2022\/09\/qrwsp.png 300w, http:\/\/refire.com.ar\/site\/wp-content\/uploads\/2022\/09\/qrwsp-150x150.png 150w\" sizes=\"auto, (max-width: 300px) 100vw, 300px\" \/><\/div><\/div><\/div><div id=\"pgc-w6644df32b99b4-1-1\"  class=\"panel-grid-cell\" ><div id=\"panel-w6644df32b99b4-1-1-0\" class=\"so-panel widget widget_text panel-first-child\" data-index=\"4\" ><div class=\"panel-widget-style panel-widget-style-for-w6644df32b99b4-1-1-0\" ><h3 class=\"widget-title\">Representantes en Argentina<\/h3>\t\t\t<div class=\"textwidget\"><span><b>REMOLQUES BAH\u00edA<\/b><\/br>\nDirecci\u00f3n: A. Palacios 340 (Sesquicentenario y Castelli) <\/br>\nBah\u00eda Blanca<\/br>\nCel: (0291) 154055405<\/br>\nCutini Gustavo<\/br>\nEmail: gustavocutini@gmail.com<\/br>\nCel: (0291) 154624748<\/br>\nCutini Lucio <\/br>\nEmail: lc.cutini@gmail.com<\/span>0<\/div>\n\t\t<\/div><\/div><div id=\"panel-w6644df32b99b4-1-1-1\" class=\"so-panel widget widget_text\" data-index=\"5\" ><div class=\"panel-widget-style panel-widget-style-for-w6644df32b99b4-1-1-1\" >\t\t\t<div class=\"textwidget\"><span><b>SOLMECO SRL<\/b><\/br>\nDirecci\u00f3n: Rodriguez Pe\u00f1a 2617<\/br>\nMaip\u00fa - Mendoza<\/br>\nCel: (0261) - 4158180<\/br>\nEmail: robertocolucci@solmeco.com.ar<\/span><\/div>\n\t\t<\/div><\/div><div id=\"panel-w6644df32b99b4-1-1-2\" class=\"so-panel widget widget_text panel-last-child\" data-index=\"6\" ><div class=\"panel-widget-style panel-widget-style-for-w6644df32b99b4-1-1-2\" >\t\t\t<div class=\"textwidget\"><span><b>METALURGICA DIMARCO S.R.L.<\/b><\/br>\nDirecci\u00f3n: Ruta 22 km 1215 <\/br>\nCipoletti - R\u00edo Negro<\/br>\nTel: (0299) 4770366 \/ 4781226<\/br>\nBlanca dimarco<\/br>\nEmail: <\/span><\/br><\/span>\n<span  style=\"font-size: 85%;\">blancadimarco@metalurgicadimarco.com.ar<\/span><\/div>\n\t\t<\/div><\/div><\/div><div id=\"pgc-w6644df32b99b4-1-2\"  class=\"panel-grid-cell\" ><div id=\"panel-w6644df32b99b4-1-2-0\" class=\"so-panel widget widget_text panel-first-child panel-last-child\" data-index=\"7\" ><h3 class=\"widget-title\">Formulario de Contacto<\/h3>\t\t\t<div class=\"textwidget\"><div class=\"everest-forms\"><div class=\"evf-container default\" id=\"evf-129\"><form id=\"evf-form-129\" class=\"everest-form\" data-formid=\"129\" data-ajax_submission=\"0\" data-keyboard_friendly_form=\"0\" data-form_state_type=\"\" method=\"post\" enctype=\"multipart\/form-data\" action=\"\/site\/wp-json\/wp\/v2\/pages\/18\"><div class=\"evf-field-container\"><input type=\"hidden\" id=\"_wpnonce129\" name=\"_wpnonce129\" value=\"3247774c86\" \/><input type=\"hidden\" name=\"_wp_http_referer\" value=\"\/site\/wp-json\/wp\/v2\/pages\/18\" \/><div class=\"evf-frontend-row\" data-row=\"row_1\" conditional_rules=\"[]\"><div class=\"evf-frontend-grid evf-grid-2\" data-grid=\"grid_1\"><div id=\"evf-129-field_name-container\" class=\"evf-field evf-field-text form-row validate-required\" data-required-field-message=\" Este campo es requerido.\" data-field-id=\"name\"><label class=\"evf-field-label\" for=\"evf-129-field_name\"><span class=\"evf-label\">Nombre<\/span> <abbr class=\"required\" title=\"Required\">*<\/abbr><\/label><input type=\"text\" id=\"evf-129-field_name\" class=\"input-text\" name=\"everest_forms[form_fields][name]\" required><\/div><\/div><div class=\"evf-frontend-grid evf-grid-2\" data-grid=\"grid_2\"><div id=\"evf-129-field_nphZzXMYjz-2-container\" class=\"evf-field evf-field-last-name form-row validate-required\" data-required-field-message=\" Este campo es requerido.\" data-field-id=\"nphZzXMYjz-2\"><label class=\"evf-field-label\" for=\"evf-129-field_nphZzXMYjz-2\"><span class=\"evf-label\">Apellido<\/span> <abbr class=\"required\" title=\"Required\">*<\/abbr><\/label><input type=\"text\" id=\"evf-129-field_nphZzXMYjz-2\" class=\"input-text\" name=\"everest_forms[form_fields][nphZzXMYjz-2]\" required><\/div><\/div><\/div><div class=\"evf-frontend-row\" data-row=\"row_4\" conditional_rules=\"[]\"><div class=\"evf-frontend-grid evf-grid-1\" data-grid=\"grid_1\"><div id=\"evf-129-field_I7JRqcurDW-3-container\" class=\"evf-field evf-field-text form-row validate-required\" data-required-field-message=\" Este campo es requerido.\" data-field-id=\"I7JRqcurDW-3\"><label class=\"evf-field-label\" for=\"evf-129-field_I7JRqcurDW-3\"><span class=\"evf-label\">Localidad<\/span> <abbr class=\"required\" title=\"Required\">*<\/abbr><\/label><input type=\"text\" id=\"evf-129-field_I7JRqcurDW-3\" class=\"input-text\" name=\"everest_forms[form_fields][I7JRqcurDW-3]\" required><\/div><\/div><\/div><div class=\"evf-frontend-row\" data-row=\"row_3\" conditional_rules=\"[]\"><div class=\"evf-frontend-grid evf-grid-2\" data-grid=\"grid_1\"><div id=\"evf-129-field_TYKbpfoKRW-1-container\" class=\"evf-field evf-field-text form-row validate-required\" data-required-field-message=\" Este campo es requerido.\" data-field-id=\"TYKbpfoKRW-1\"><label class=\"evf-field-label\" for=\"evf-129-field_TYKbpfoKRW-1\"><span class=\"evf-label\">N\u00famero de Contacto<\/span> <abbr class=\"required\" title=\"Required\">*<\/abbr><\/label><input type=\"text\" id=\"evf-129-field_TYKbpfoKRW-1\" class=\"input-text\" name=\"everest_forms[form_fields][TYKbpfoKRW-1]\" required><\/div><\/div><div class=\"evf-frontend-grid evf-grid-2\" data-grid=\"grid_2\"><div id=\"evf-129-field_email-container\" class=\"evf-field evf-field-email form-row validate-required validate-email\" data-required-field-message=\"Por favor, introduce una direcci\u00f3n de correo electr\u00f3nico v\u00e1lida.\" data-field-id=\"email\"><label class=\"evf-field-label\" for=\"evf-129-field_email\"><span class=\"evf-label\">Email<\/span> <abbr class=\"required\" title=\"Required\">*<\/abbr><\/label><input type=\"email\" id=\"evf-129-field_email\" class=\"input-text\" name=\"everest_forms[form_fields][email]\" required ><\/div><\/div><\/div><div class=\"evf-frontend-row\" data-row=\"row_2\" conditional_rules=\"[]\"><div class=\"evf-frontend-grid evf-grid-1\" data-grid=\"grid_1\"><div id=\"evf-129-field_message-container\" class=\"evf-field evf-field-textarea form-row validate-required\" data-required-field-message=\" Este campo es requerido.\" data-field-id=\"message\"><label class=\"evf-field-label\" for=\"evf-129-field_message\"><span class=\"evf-label\">Motivo del contacto<\/span> <abbr class=\"required\" title=\"Required\">*<\/abbr><\/label><textarea id=\"evf-129-field_message\" class=\"input-text\" name=\"everest_forms[form_fields][message]\" required ><\/textarea><\/div><\/div><\/div><\/div><div class=\"evf-honeypot-container evf-field-hp\"><label for=\"evf-129-field-hp\" class=\"evf-field-label\">Name<\/label><input type=\"text\" name=\"everest_forms[hp]\" id=\"evf-129-field-hp\" class=\"input-text\"><\/div><div class=\"evf-submit-container \" ><input type=\"hidden\" name=\"everest_forms[id]\" value=\"129\"><input type=\"hidden\" name=\"everest_forms[author]\" value=\"1\"><button type='submit' name='everest_forms[submit]' class='everest-forms-submit-button button evf-submit ' id='evf-submit-129' value='evf-submit' data-process-text=\"Procesando\u2026\" conditional_rules='&quot;&quot;' conditional_id='evf-submit-129'  id=\"evf-submit-129\" aria-live=\"assertive\">Enviar<\/button><\/div><\/form><\/div><!-- .evf-container --><\/div>\n<\/div>\n\t\t<\/div><\/div><\/div><div id=\"pg-w6644df32b99b4-2\"  class=\"panel-grid panel-no-style\" ><div id=\"pgc-w6644df32b99b4-2-0\"  class=\"panel-grid-cell\" ><div id=\"panel-w6644df32b99b4-2-0-0\" class=\"so-panel widget widget_text panel-first-child panel-last-child\" data-index=\"8\" ><div class=\"panel-widget-style panel-widget-style-for-w6644df32b99b4-2-0-0\" ><h3 class=\"widget-title\">Representantes en el Exterior<\/h3>\t\t\t<div class=\"textwidget\"><span><b>ALO GROUP<\/b><\/br>\nAv. Pdte. Eduardo Frei Montalva 9800<\/br>\nQuilicura Santiago - Chile<\/br>\nTel: (562) 2965 0341<\/br>\nCarla Perez Pavez<\/br>\nCel: (569) 9403 5694<\/br>\nEmail: cperez@aloventas.cl<\/span><\/div>\n\t\t<\/div><\/div><\/div><\/div><\/div><\/div><\/div><\/div><\/div><\/div>","protected":false},"excerpt":{"rendered":"<p>Conectate con nosotros Oficina principal Direcci\u00f3n: Bv. De Los Alemanes 3093 Barrio Los Boulevares C\u00f3rdoba &#8211; Argentina C.P. X5022E0C Cel. [&hellip;]<\/p>\n","protected":false},"author":1,"featured_media":0,"parent":0,"menu_order":0,"comment_status":"closed","ping_status":"closed","template":"page-templates\/pagebuilder.php","meta":{"footnotes":""},"class_list":["post-18","page","type-page","status-publish","hentry"],"yoast_head":"<!-- This site is optimized with the Yoast SEO plugin v26.6 - https:\/\/yoast.com\/wordpress\/plugins\/seo\/ -->\n<title>Contacto - REFIRE<\/title>\n<meta name=\"robots\" content=\"index, follow, max-snippet:-1, max-image-preview:large, max-video-preview:-1\" \/>\n<link rel=\"canonical\" href=\"http:\/\/refire.com.ar\/site\/contact\/\" \/>\n<meta property=\"og:locale\" content=\"es_ES\" \/>\n<meta property=\"og:type\" content=\"article\" \/>\n<meta property=\"og:title\" content=\"Contacto - REFIRE\" \/>\n<meta property=\"og:description\" content=\"Conectate con nosotros Oficina principal Direcci\u00f3n: Bv. De Los Alemanes 3093 Barrio Los Boulevares C\u00f3rdoba - Argentina C.P. X5022E0C Cel. [&hellip;]\" \/>\n<meta property=\"og:url\" content=\"http:\/\/refire.com.ar\/site\/contact\/\" \/>\n<meta property=\"og:site_name\" content=\"REFIRE\" \/>\n<meta property=\"article:publisher\" content=\"https:\/\/www.facebook.com\/refire.hidromecanicasrl\" \/>\n<meta property=\"article:modified_time\" content=\"2024-05-15T16:13:38+00:00\" \/>\n<meta name=\"twitter:card\" content=\"summary_large_image\" \/>\n<meta name=\"twitter:label1\" content=\"Tiempo de lectura\" \/>\n\t<meta name=\"twitter:data1\" content=\"1 minuto\" \/>\n<script type=\"application\/ld+json\" class=\"yoast-schema-graph\">{\"@context\":\"https:\/\/schema.org\",\"@graph\":[{\"@type\":\"WebPage\",\"@id\":\"http:\/\/refire.com.ar\/site\/contact\/\",\"url\":\"http:\/\/refire.com.ar\/site\/contact\/\",\"name\":\"Contacto - REFIRE\",\"isPartOf\":{\"@id\":\"http:\/\/refire.com.ar\/site\/#website\"},\"datePublished\":\"2017-01-30T03:42:19+00:00\",\"dateModified\":\"2024-05-15T16:13:38+00:00\",\"breadcrumb\":{\"@id\":\"http:\/\/refire.com.ar\/site\/contact\/#breadcrumb\"},\"inLanguage\":\"es-AR\",\"potentialAction\":[{\"@type\":\"ReadAction\",\"target\":[\"http:\/\/refire.com.ar\/site\/contact\/\"]}]},{\"@type\":\"BreadcrumbList\",\"@id\":\"http:\/\/refire.com.ar\/site\/contact\/#breadcrumb\",\"itemListElement\":[{\"@type\":\"ListItem\",\"position\":1,\"name\":\"Inicio\",\"item\":\"http:\/\/refire.com.ar\/site\/\"},{\"@type\":\"ListItem\",\"position\":2,\"name\":\"Contacto\"}]},{\"@type\":\"WebSite\",\"@id\":\"http:\/\/refire.com.ar\/site\/#website\",\"url\":\"http:\/\/refire.com.ar\/site\/\",\"name\":\"REFIRE\",\"description\":\"Desarrollos Hidromec\u00e1nicos\",\"publisher\":{\"@id\":\"http:\/\/refire.com.ar\/site\/#organization\"},\"potentialAction\":[{\"@type\":\"SearchAction\",\"target\":{\"@type\":\"EntryPoint\",\"urlTemplate\":\"http:\/\/refire.com.ar\/site\/?s={search_term_string}\"},\"query-input\":{\"@type\":\"PropertyValueSpecification\",\"valueRequired\":true,\"valueName\":\"search_term_string\"}}],\"inLanguage\":\"es-AR\"},{\"@type\":\"Organization\",\"@id\":\"http:\/\/refire.com.ar\/site\/#organization\",\"name\":\"Refire Desarrollos Hidromec\u00e1nicos\",\"url\":\"http:\/\/refire.com.ar\/site\/\",\"logo\":{\"@type\":\"ImageObject\",\"inLanguage\":\"es-AR\",\"@id\":\"http:\/\/refire.com.ar\/site\/#\/schema\/logo\/image\/\",\"url\":\"http:\/\/refire.com.ar\/site\/wp-content\/uploads\/2019\/08\/isologo.jpg\",\"contentUrl\":\"http:\/\/refire.com.ar\/site\/wp-content\/uploads\/2019\/08\/isologo.jpg\",\"width\":350,\"height\":97,\"caption\":\"Refire Desarrollos Hidromec\u00e1nicos\"},\"image\":{\"@id\":\"http:\/\/refire.com.ar\/site\/#\/schema\/logo\/image\/\"},\"sameAs\":[\"https:\/\/www.facebook.com\/refire.hidromecanicasrl\"]}]}<\/script>\n<!-- \/ Yoast SEO plugin. -->","yoast_head_json":{"title":"Contacto - REFIRE","robots":{"index":"index","follow":"follow","max-snippet":"max-snippet:-1","max-image-preview":"max-image-preview:large","max-video-preview":"max-video-preview:-1"},"canonical":"http:\/\/refire.com.ar\/site\/contact\/","og_locale":"es_ES","og_type":"article","og_title":"Contacto - REFIRE","og_description":"Conectate con nosotros Oficina principal Direcci\u00f3n: Bv. De Los Alemanes 3093 Barrio Los Boulevares C\u00f3rdoba - Argentina C.P. X5022E0C Cel. [&hellip;]","og_url":"http:\/\/refire.com.ar\/site\/contact\/","og_site_name":"REFIRE","article_publisher":"https:\/\/www.facebook.com\/refire.hidromecanicasrl","article_modified_time":"2024-05-15T16:13:38+00:00","twitter_card":"summary_large_image","twitter_misc":{"Tiempo de lectura":"1 minuto"},"schema":{"@context":"https:\/\/schema.org","@graph":[{"@type":"WebPage","@id":"http:\/\/refire.com.ar\/site\/contact\/","url":"http:\/\/refire.com.ar\/site\/contact\/","name":"Contacto - REFIRE","isPartOf":{"@id":"http:\/\/refire.com.ar\/site\/#website"},"datePublished":"2017-01-30T03:42:19+00:00","dateModified":"2024-05-15T16:13:38+00:00","breadcrumb":{"@id":"http:\/\/refire.com.ar\/site\/contact\/#breadcrumb"},"inLanguage":"es-AR","potentialAction":[{"@type":"ReadAction","target":["http:\/\/refire.com.ar\/site\/contact\/"]}]},{"@type":"BreadcrumbList","@id":"http:\/\/refire.com.ar\/site\/contact\/#breadcrumb","itemListElement":[{"@type":"ListItem","position":1,"name":"Inicio","item":"http:\/\/refire.com.ar\/site\/"},{"@type":"ListItem","position":2,"name":"Contacto"}]},{"@type":"WebSite","@id":"http:\/\/refire.com.ar\/site\/#website","url":"http:\/\/refire.com.ar\/site\/","name":"REFIRE","description":"Desarrollos Hidromec\u00e1nicos","publisher":{"@id":"http:\/\/refire.com.ar\/site\/#organization"},"potentialAction":[{"@type":"SearchAction","target":{"@type":"EntryPoint","urlTemplate":"http:\/\/refire.com.ar\/site\/?s={search_term_string}"},"query-input":{"@type":"PropertyValueSpecification","valueRequired":true,"valueName":"search_term_string"}}],"inLanguage":"es-AR"},{"@type":"Organization","@id":"http:\/\/refire.com.ar\/site\/#organization","name":"Refire Desarrollos Hidromec\u00e1nicos","url":"http:\/\/refire.com.ar\/site\/","logo":{"@type":"ImageObject","inLanguage":"es-AR","@id":"http:\/\/refire.com.ar\/site\/#\/schema\/logo\/image\/","url":"http:\/\/refire.com.ar\/site\/wp-content\/uploads\/2019\/08\/isologo.jpg","contentUrl":"http:\/\/refire.com.ar\/site\/wp-content\/uploads\/2019\/08\/isologo.jpg","width":350,"height":97,"caption":"Refire Desarrollos Hidromec\u00e1nicos"},"image":{"@id":"http:\/\/refire.com.ar\/site\/#\/schema\/logo\/image\/"},"sameAs":["https:\/\/www.facebook.com\/refire.hidromecanicasrl"]}]}},"_links":{"self":[{"href":"http:\/\/refire.com.ar\/site\/wp-json\/wp\/v2\/pages\/18","targetHints":{"allow":["GET"]}}],"collection":[{"href":"http:\/\/refire.com.ar\/site\/wp-json\/wp\/v2\/pages"}],"about":[{"href":"http:\/\/refire.com.ar\/site\/wp-json\/wp\/v2\/types\/page"}],"author":[{"embeddable":true,"href":"http:\/\/refire.com.ar\/site\/wp-json\/wp\/v2\/users\/1"}],"replies":[{"embeddable":true,"href":"http:\/\/refire.com.ar\/site\/wp-json\/wp\/v2\/comments?post=18"}],"version-history":[{"count":121,"href":"http:\/\/refire.com.ar\/site\/wp-json\/wp\/v2\/pages\/18\/revisions"}],"predecessor-version":[{"id":4641,"href":"http:\/\/refire.com.ar\/site\/wp-json\/wp\/v2\/pages\/18\/revisions\/4641"}],"wp:attachment":[{"href":"http:\/\/refire.com.ar\/site\/wp-json\/wp\/v2\/media?parent=18"}],"curies":[{"name":"wp","href":"https:\/\/api.w.org\/{rel}","templated":true}]}}