{"id":522,"date":"2019-12-06T08:33:11","date_gmt":"2019-12-06T11:33:11","guid":{"rendered":"http:\/\/refire.com.ar\/site\/?page_id=522"},"modified":"2019-12-06T08:38:43","modified_gmt":"2019-12-06T11:38:43","slug":"consulta-de-equipos","status":"publish","type":"page","link":"http:\/\/refire.com.ar\/site\/consulta-de-equipos\/","title":{"rendered":"CONSULTA DE EQUIPOS"},"content":{"rendered":"<div id=\"pl-gb522-6a05bc6eee588\"  class=\"panel-layout\" ><div id=\"pg-gb522-6a05bc6eee588-0\"  class=\"panel-grid panel-no-style\" ><div id=\"pgc-gb522-6a05bc6eee588-0-0\"  class=\"panel-grid-cell\" ><div id=\"panel-gb522-6a05bc6eee588-0-0-0\" class=\"widget_text so-panel widget widget_custom_html panel-first-child panel-last-child\" data-index=\"0\" ><div class=\"textwidget custom-html-widget\"><div class=\"everest-forms\"><div class=\"evf-container default\" id=\"evf-524\"><form id=\"evf-form-524\" class=\"everest-form\" data-formid=\"524\" data-ajax_submission=\"0\" data-keyboard_friendly_form=\"0\" data-form_state_type=\"\" method=\"post\" enctype=\"multipart\/form-data\" action=\"\/site\/wp-json\/wp\/v2\/pages\/522\"><div class=\"evf-field-container\"><input type=\"hidden\" id=\"_wpnonce524\" name=\"_wpnonce524\" value=\"8e299fcedc\" \/><input type=\"hidden\" name=\"_wp_http_referer\" value=\"\/site\/wp-json\/wp\/v2\/pages\/522\" \/><div class=\"evf-frontend-row\" data-row=\"row_1\" conditional_rules=\"[]\"><div class=\"evf-frontend-grid evf-grid-2\" data-grid=\"grid_1\"><div id=\"evf-524-field_v1b1J1YZGa-1-container\" class=\"evf-field evf-field-first-name form-row validate-required\" data-required-field-message=\" Este campo es requerido.\" data-field-id=\"v1b1J1YZGa-1\"><label class=\"evf-field-label\" for=\"evf-524-field_v1b1J1YZGa-1\"><span class=\"evf-label\">Nombre<\/span> <abbr class=\"required\" title=\"Required\">*<\/abbr><\/label><input type=\"text\" id=\"evf-524-field_v1b1J1YZGa-1\" class=\"input-text\" name=\"everest_forms[form_fields][v1b1J1YZGa-1]\" required><\/div><\/div><div class=\"evf-frontend-grid evf-grid-2\" data-grid=\"grid_2\"><div id=\"evf-524-field_zZttZhP3yf-2-container\" class=\"evf-field evf-field-last-name form-row validate-required\" data-required-field-message=\" Este campo es requerido.\" data-field-id=\"zZttZhP3yf-2\"><label class=\"evf-field-label\" for=\"evf-524-field_zZttZhP3yf-2\"><span class=\"evf-label\">Apellido<\/span> <abbr class=\"required\" title=\"Required\">*<\/abbr><\/label><input type=\"text\" id=\"evf-524-field_zZttZhP3yf-2\" class=\"input-text\" name=\"everest_forms[form_fields][zZttZhP3yf-2]\" required><\/div><\/div><\/div><div class=\"evf-frontend-row\" data-row=\"row_3\" conditional_rules=\"[]\"><div class=\"evf-frontend-grid evf-grid-1\" data-grid=\"grid_1\"><div id=\"evf-524-field_8Aj1DaSXQj-4-container\" class=\"evf-field evf-field-text form-row validate-required\" data-required-field-message=\" Este campo es requerido.\" data-field-id=\"8Aj1DaSXQj-4\"><label class=\"evf-field-label\" for=\"evf-524-field_8Aj1DaSXQj-4\"><span class=\"evf-label\">Localidad<\/span> <abbr class=\"required\" title=\"Required\">*<\/abbr><\/label><input type=\"text\" id=\"evf-524-field_8Aj1DaSXQj-4\" class=\"input-text\" name=\"everest_forms[form_fields][8Aj1DaSXQj-4]\" required><\/div><\/div><\/div><div class=\"evf-frontend-row\" data-row=\"row_4\" conditional_rules=\"[]\"><div class=\"evf-frontend-grid evf-grid-2\" data-grid=\"grid_1\"><div id=\"evf-524-field_GPSjVojT3V-7-container\" class=\"evf-field evf-field-text form-row validate-required\" data-required-field-message=\" Este campo es requerido.\" data-field-id=\"GPSjVojT3V-7\"><label class=\"evf-field-label\" for=\"evf-524-field_GPSjVojT3V-7\"><span class=\"evf-label\">N\u00famero de Contacto<\/span> <abbr class=\"required\" title=\"Required\">*<\/abbr><\/label><input type=\"text\" id=\"evf-524-field_GPSjVojT3V-7\" class=\"input-text\" name=\"everest_forms[form_fields][GPSjVojT3V-7]\" required><\/div><\/div><div class=\"evf-frontend-grid evf-grid-2\" data-grid=\"grid_2\"><div id=\"evf-524-field_6KEqA05Gzb-6-container\" class=\"evf-field evf-field-email form-row validate-required validate-email\" data-required-field-message=\" Por favor, introduce una direcci\u00f3n de correo electr\u00f3nico v\u00e1lida.\" data-field-id=\"6KEqA05Gzb-6\"><label class=\"evf-field-label\" for=\"evf-524-field_6KEqA05Gzb-6\"><span class=\"evf-label\">Email<\/span> <abbr class=\"required\" title=\"Required\">*<\/abbr><\/label><input type=\"email\" id=\"evf-524-field_6KEqA05Gzb-6\" class=\"input-text\" name=\"everest_forms[form_fields][6KEqA05Gzb-6]\" required ><\/div><\/div><\/div><div class=\"evf-frontend-row\" data-row=\"row_2\" conditional_rules=\"[]\"><div class=\"evf-frontend-grid evf-grid-1\" data-grid=\"grid_1\"><div id=\"evf-524-field_qhabWISLXM-3-container\" class=\"evf-field evf-field-textarea form-row validate-required\" data-required-field-message=\" Este campo es requerido.\" data-field-id=\"qhabWISLXM-3\"><label class=\"evf-field-label\" for=\"evf-524-field_qhabWISLXM-3\"><span class=\"evf-label\">Indique cual es el producto por el que quiere consultar<\/span> <abbr class=\"required\" title=\"Required\">*<\/abbr><\/label><textarea id=\"evf-524-field_qhabWISLXM-3\" class=\"input-text\" name=\"everest_forms[form_fields][qhabWISLXM-3]\" required ><\/textarea><\/div><\/div><\/div><\/div><div class=\"evf-honeypot-container evf-field-hp\"><label for=\"evf-524-field-hp\" class=\"evf-field-label\">Website<\/label><input type=\"text\" name=\"everest_forms[hp]\" id=\"evf-524-field-hp\" class=\"input-text\"><\/div><div class=\"evf-submit-container \" ><input type=\"hidden\" name=\"everest_forms[id]\" value=\"524\"><input type=\"hidden\" name=\"everest_forms[author]\" value=\"1\"><button type='submit' name='everest_forms[submit]' class='everest-forms-submit-button button evf-submit ' id='evf-submit-524' value='evf-submit' data-process-text=\"Procesando\u2026\" conditional_rules='&quot;&quot;' conditional_id='evf-submit-524'  id=\"evf-submit-524\" aria-live=\"assertive\">Enviar<\/button><\/div><\/form><\/div><!-- .evf-container --><\/div><\/div><\/div><\/div><\/div><\/div>","protected":false},"excerpt":{"rendered":"","protected":false},"author":1,"featured_media":0,"parent":0,"menu_order":0,"comment_status":"closed","ping_status":"closed","template":"","meta":{"footnotes":""},"class_list":["post-522","page","type-page","status-publish","hentry"],"yoast_head":"<!-- This site is optimized with the Yoast SEO plugin v26.6 - https:\/\/yoast.com\/wordpress\/plugins\/seo\/ -->\n<title>CONSULTA DE EQUIPOS - REFIRE<\/title>\n<meta name=\"robots\" content=\"index, follow, max-snippet:-1, max-image-preview:large, max-video-preview:-1\" \/>\n<link rel=\"canonical\" href=\"http:\/\/refire.com.ar\/site\/consulta-de-equipos\/\" \/>\n<meta property=\"og:locale\" content=\"es_ES\" \/>\n<meta property=\"og:type\" content=\"article\" \/>\n<meta property=\"og:title\" content=\"CONSULTA DE EQUIPOS - REFIRE\" \/>\n<meta property=\"og:url\" content=\"http:\/\/refire.com.ar\/site\/consulta-de-equipos\/\" \/>\n<meta property=\"og:site_name\" content=\"REFIRE\" \/>\n<meta property=\"article:publisher\" content=\"https:\/\/www.facebook.com\/refire.hidromecanicasrl\" \/>\n<meta property=\"article:modified_time\" content=\"2019-12-06T11:38:43+00:00\" \/>\n<meta name=\"twitter:card\" content=\"summary_large_image\" \/>\n<script type=\"application\/ld+json\" class=\"yoast-schema-graph\">{\"@context\":\"https:\/\/schema.org\",\"@graph\":[{\"@type\":\"WebPage\",\"@id\":\"http:\/\/refire.com.ar\/site\/consulta-de-equipos\/\",\"url\":\"http:\/\/refire.com.ar\/site\/consulta-de-equipos\/\",\"name\":\"CONSULTA DE EQUIPOS - REFIRE\",\"isPartOf\":{\"@id\":\"http:\/\/refire.com.ar\/site\/#website\"},\"datePublished\":\"2019-12-06T11:33:11+00:00\",\"dateModified\":\"2019-12-06T11:38:43+00:00\",\"breadcrumb\":{\"@id\":\"http:\/\/refire.com.ar\/site\/consulta-de-equipos\/#breadcrumb\"},\"inLanguage\":\"es-AR\",\"potentialAction\":[{\"@type\":\"ReadAction\",\"target\":[\"http:\/\/refire.com.ar\/site\/consulta-de-equipos\/\"]}]},{\"@type\":\"BreadcrumbList\",\"@id\":\"http:\/\/refire.com.ar\/site\/consulta-de-equipos\/#breadcrumb\",\"itemListElement\":[{\"@type\":\"ListItem\",\"position\":1,\"name\":\"Inicio\",\"item\":\"http:\/\/refire.com.ar\/site\/\"},{\"@type\":\"ListItem\",\"position\":2,\"name\":\"CONSULTA DE EQUIPOS\"}]},{\"@type\":\"WebSite\",\"@id\":\"http:\/\/refire.com.ar\/site\/#website\",\"url\":\"http:\/\/refire.com.ar\/site\/\",\"name\":\"REFIRE\",\"description\":\"Desarrollos Hidromec\u00e1nicos\",\"publisher\":{\"@id\":\"http:\/\/refire.com.ar\/site\/#organization\"},\"potentialAction\":[{\"@type\":\"SearchAction\",\"target\":{\"@type\":\"EntryPoint\",\"urlTemplate\":\"http:\/\/refire.com.ar\/site\/?s={search_term_string}\"},\"query-input\":{\"@type\":\"PropertyValueSpecification\",\"valueRequired\":true,\"valueName\":\"search_term_string\"}}],\"inLanguage\":\"es-AR\"},{\"@type\":\"Organization\",\"@id\":\"http:\/\/refire.com.ar\/site\/#organization\",\"name\":\"Refire Desarrollos Hidromec\u00e1nicos\",\"url\":\"http:\/\/refire.com.ar\/site\/\",\"logo\":{\"@type\":\"ImageObject\",\"inLanguage\":\"es-AR\",\"@id\":\"http:\/\/refire.com.ar\/site\/#\/schema\/logo\/image\/\",\"url\":\"http:\/\/refire.com.ar\/site\/wp-content\/uploads\/2019\/08\/isologo.jpg\",\"contentUrl\":\"http:\/\/refire.com.ar\/site\/wp-content\/uploads\/2019\/08\/isologo.jpg\",\"width\":350,\"height\":97,\"caption\":\"Refire Desarrollos Hidromec\u00e1nicos\"},\"image\":{\"@id\":\"http:\/\/refire.com.ar\/site\/#\/schema\/logo\/image\/\"},\"sameAs\":[\"https:\/\/www.facebook.com\/refire.hidromecanicasrl\"]}]}<\/script>\n<!-- \/ Yoast SEO plugin. -->","yoast_head_json":{"title":"CONSULTA DE EQUIPOS - REFIRE","robots":{"index":"index","follow":"follow","max-snippet":"max-snippet:-1","max-image-preview":"max-image-preview:large","max-video-preview":"max-video-preview:-1"},"canonical":"http:\/\/refire.com.ar\/site\/consulta-de-equipos\/","og_locale":"es_ES","og_type":"article","og_title":"CONSULTA DE EQUIPOS - REFIRE","og_url":"http:\/\/refire.com.ar\/site\/consulta-de-equipos\/","og_site_name":"REFIRE","article_publisher":"https:\/\/www.facebook.com\/refire.hidromecanicasrl","article_modified_time":"2019-12-06T11:38:43+00:00","twitter_card":"summary_large_image","schema":{"@context":"https:\/\/schema.org","@graph":[{"@type":"WebPage","@id":"http:\/\/refire.com.ar\/site\/consulta-de-equipos\/","url":"http:\/\/refire.com.ar\/site\/consulta-de-equipos\/","name":"CONSULTA DE EQUIPOS - REFIRE","isPartOf":{"@id":"http:\/\/refire.com.ar\/site\/#website"},"datePublished":"2019-12-06T11:33:11+00:00","dateModified":"2019-12-06T11:38:43+00:00","breadcrumb":{"@id":"http:\/\/refire.com.ar\/site\/consulta-de-equipos\/#breadcrumb"},"inLanguage":"es-AR","potentialAction":[{"@type":"ReadAction","target":["http:\/\/refire.com.ar\/site\/consulta-de-equipos\/"]}]},{"@type":"BreadcrumbList","@id":"http:\/\/refire.com.ar\/site\/consulta-de-equipos\/#breadcrumb","itemListElement":[{"@type":"ListItem","position":1,"name":"Inicio","item":"http:\/\/refire.com.ar\/site\/"},{"@type":"ListItem","position":2,"name":"CONSULTA DE EQUIPOS"}]},{"@type":"WebSite","@id":"http:\/\/refire.com.ar\/site\/#website","url":"http:\/\/refire.com.ar\/site\/","name":"REFIRE","description":"Desarrollos Hidromec\u00e1nicos","publisher":{"@id":"http:\/\/refire.com.ar\/site\/#organization"},"potentialAction":[{"@type":"SearchAction","target":{"@type":"EntryPoint","urlTemplate":"http:\/\/refire.com.ar\/site\/?s={search_term_string}"},"query-input":{"@type":"PropertyValueSpecification","valueRequired":true,"valueName":"search_term_string"}}],"inLanguage":"es-AR"},{"@type":"Organization","@id":"http:\/\/refire.com.ar\/site\/#organization","name":"Refire Desarrollos Hidromec\u00e1nicos","url":"http:\/\/refire.com.ar\/site\/","logo":{"@type":"ImageObject","inLanguage":"es-AR","@id":"http:\/\/refire.com.ar\/site\/#\/schema\/logo\/image\/","url":"http:\/\/refire.com.ar\/site\/wp-content\/uploads\/2019\/08\/isologo.jpg","contentUrl":"http:\/\/refire.com.ar\/site\/wp-content\/uploads\/2019\/08\/isologo.jpg","width":350,"height":97,"caption":"Refire Desarrollos Hidromec\u00e1nicos"},"image":{"@id":"http:\/\/refire.com.ar\/site\/#\/schema\/logo\/image\/"},"sameAs":["https:\/\/www.facebook.com\/refire.hidromecanicasrl"]}]}},"_links":{"self":[{"href":"http:\/\/refire.com.ar\/site\/wp-json\/wp\/v2\/pages\/522","targetHints":{"allow":["GET"]}}],"collection":[{"href":"http:\/\/refire.com.ar\/site\/wp-json\/wp\/v2\/pages"}],"about":[{"href":"http:\/\/refire.com.ar\/site\/wp-json\/wp\/v2\/types\/page"}],"author":[{"embeddable":true,"href":"http:\/\/refire.com.ar\/site\/wp-json\/wp\/v2\/users\/1"}],"replies":[{"embeddable":true,"href":"http:\/\/refire.com.ar\/site\/wp-json\/wp\/v2\/comments?post=522"}],"version-history":[{"count":2,"href":"http:\/\/refire.com.ar\/site\/wp-json\/wp\/v2\/pages\/522\/revisions"}],"predecessor-version":[{"id":525,"href":"http:\/\/refire.com.ar\/site\/wp-json\/wp\/v2\/pages\/522\/revisions\/525"}],"wp:attachment":[{"href":"http:\/\/refire.com.ar\/site\/wp-json\/wp\/v2\/media?parent=522"}],"curies":[{"name":"wp","href":"https:\/\/api.w.org\/{rel}","templated":true}]}}