{"id":8,"date":"2017-01-30T03:39:36","date_gmt":"2017-01-30T03:39:36","guid":{"rendered":"https:\/\/demo.themegrill.com\/flash-construction-2\/?page_id=8"},"modified":"2019-12-18T17:07:43","modified_gmt":"2019-12-18T20:07:43","slug":"about","status":"publish","type":"page","link":"http:\/\/refire.com.ar\/site\/about\/","title":{"rendered":"Empresa"},"content":{"rendered":"<div id=\"pl-8\"  class=\"panel-layout\" ><div id=\"pg-8-0\"  class=\"panel-grid panel-has-style\" ><div class=\"so-parallax siteorigin-panels-stretch panel-row-style panel-row-style-for-8-0\" data-stretch-type=\"full\" ><img fetchpriority=\"high\" decoding=\"async\" width=\"1920\" height=\"1000\" src=\"http:\/\/refire.com.ar\/site\/wp-content\/uploads\/2019\/10\/fondoempresa-1.jpg\" class=\"attachment-full size-full\" alt=\"\" data-siteorigin-parallax=\"true\" loading=\"eager\" srcset=\"http:\/\/refire.com.ar\/site\/wp-content\/uploads\/2019\/10\/fondoempresa-1.jpg 1920w, http:\/\/refire.com.ar\/site\/wp-content\/uploads\/2019\/10\/fondoempresa-1-300x156.jpg 300w, http:\/\/refire.com.ar\/site\/wp-content\/uploads\/2019\/10\/fondoempresa-1-768x400.jpg 768w, http:\/\/refire.com.ar\/site\/wp-content\/uploads\/2019\/10\/fondoempresa-1-1024x533.jpg 1024w\" sizes=\"(max-width: 1920px) 100vw, 1920px\" \/><div id=\"pgc-8-0-0\"  class=\"panel-grid-cell\" ><div id=\"panel-8-0-0-0\" class=\"so-panel widget widget_siteorigin-panels-builder panel-first-child panel-last-child\" data-index=\"0\" ><div id=\"pl-w5dfa870fd17b9\"  class=\"panel-layout\" ><div id=\"pg-w5dfa870fd17b9-0\"  class=\"panel-grid panel-no-style\" ><div id=\"pgc-w5dfa870fd17b9-0-0\"  class=\"panel-grid-cell\" ><div id=\"panel-w5dfa870fd17b9-0-0-0\" class=\"so-panel widget widget_text panel-first-child panel-last-child\" data-index=\"0\" ><h3 class=\"widget-title\">REFIRE HIDROMEC\u00c1NICA<\/h3>\t\t\t<div class=\"textwidget\"><p>Con m\u00e1s de 30 a\u00f1os en el rubro, Refire Hidromec\u00e1nica, inici\u00f3 su trabajo fabricando m\u00e1quinas y accesorios para perforaciones de pozos de agua y servicios de excavaci\u00f3n. Por el a\u00f1o 1973 se inicia la producci\u00f3n de cilindros hidr\u00e1ulicos introduci\u00e9ndose, de esta manera, en la oleohidr\u00e1ulica<br><br>\nEn la b\u00fasqueda de nuevos mercados, en el a\u00f1o 1975, inicia la construcci\u00f3n de gr\u00faas para cami\u00f3n lo que lleva luego al desarrollo de gr\u00faas autopropulsadas e hidroelevadores. Estas fueron por muchos a\u00f1os las principales actividades de Refire.<\/p><\/div>\n\t\t<\/div><\/div><\/div><div id=\"pg-w5dfa870fd17b9-1\"  class=\"panel-grid panel-no-style\" ><div id=\"pgc-w5dfa870fd17b9-1-0\"  class=\"panel-grid-cell\" ><div id=\"panel-w5dfa870fd17b9-1-0-0\" class=\"so-panel widget widget_themegrill_flash_image tg-widget tg-image-widget panel-first-child panel-last-child\" data-index=\"1\" >\t<img decoding=\"async\" src=\"http:\/\/refire.com.ar\/site\/wp-content\/uploads\/2019\/10\/frenterefire.jpg\" \/>\n<\/div><\/div><div id=\"pgc-w5dfa870fd17b9-1-1\"  class=\"panel-grid-cell\" ><div id=\"panel-w5dfa870fd17b9-1-1-0\" class=\"so-panel widget widget_themegrill_flash_image tg-widget tg-image-widget panel-first-child\" data-index=\"2\" >\t<img decoding=\"async\" src=\"http:\/\/refire.com.ar\/site\/wp-content\/uploads\/2019\/10\/Mesa-Corte-Laser.jpg\" \/>\n<\/div><div id=\"panel-w5dfa870fd17b9-1-1-1\" class=\"so-panel widget widget_themegrill_flash_image tg-widget tg-image-widget panel-last-child\" data-index=\"3\" ><div class=\"panel-widget-style panel-widget-style-for-w5dfa870fd17b9-1-1-1\" >\t<img decoding=\"async\" src=\"http:\/\/refire.com.ar\/site\/wp-content\/uploads\/2019\/10\/robotsoldador.jpg\" \/>\n<\/div><\/div><\/div><\/div><div id=\"pg-w5dfa870fd17b9-2\"  class=\"panel-grid panel-has-style\" ><div class=\"panel-row-style panel-row-style-for-w5dfa870fd17b9-2\" ><div id=\"pgc-w5dfa870fd17b9-2-0\"  class=\"panel-grid-cell\" ><div id=\"panel-w5dfa870fd17b9-2-0-0\" class=\"so-panel widget widget_text panel-first-child panel-last-child\" data-index=\"4\" >\t\t\t<div class=\"textwidget\"><p>Actualmente, Refire Hidromec\u00e1nica S.R.L., cuenta con una gran variedad de plataformas para cami\u00f3n, desde las tradicionales que se pliegan como compuerta, pasando por las que se guardan debajo de la culata y hasta las de m\u00e1s moderno desarrollo que se repliegan debajo de la caja del cami\u00f3n, semirremolque o tr\u00e1iler permitiendo el uso del transporte como si no tuviera ning\u00fan elemento de carga adicional.<br><br>\n\nNuestra empresa ha logrado, a trav\u00e9s de los a\u00f1os y el trabajo constante, un puesto de vanguardia en el rubro \"movimientos de cargas y personas\" contando con una amplia variedad de productos como plataformas para camiones, plataformas para personas con dificultades motrices, andenes de carga de altura variable, plataformas tijeras como facilidad en dep\u00f3sitos y para trabajos en altura, niveladores de anden de carga, tijeras para servicios de catering en aeropuertos o servicios aeroportuarios, camillas y guinches para auxilio de autom\u00f3viles, hidroelevadores, gr\u00faas de pluma plegable y recta para camiones, montacargas y ascensores hidr\u00e1ulicos, prensas y m\u00e1quinas especiales, entre otros.<\/p>\n<\/div>\n\t\t<\/div><\/div><\/div><\/div><div id=\"pg-w5dfa870fd17b9-3\"  class=\"panel-grid panel-no-style\" ><div id=\"pgc-w5dfa870fd17b9-3-0\"  class=\"panel-grid-cell\" ><div id=\"panel-w5dfa870fd17b9-3-0-0\" class=\"so-panel widget widget_themegrill_flash_service tg-widget tg-single-service panel-first-child panel-last-child\" data-index=\"5\" ><div class=\"flash_inherit_color panel-widget-style panel-widget-style-for-w5dfa870fd17b9-3-0-0\" >\n<div class=\"tg-service-widget tg-service-layout-1\">\n\t<div class=\"service-wrapper\">\n\t\t<div class=\"service-icon-title-wrapper clearfix\">\n\t\t\t\t\t\t\t\t\t<figure class=\"service-image-wrap\"><img decoding=\"async\" src=\"http:\/\/refire.com.ar\/site\/wp-content\/uploads\/2019\/10\/mision.jpg\" \/><\/figure>\n\t\t\t\t\t\t\t\t\t<h3 class=\"service-title-wrap\">\n\t\t\t\tNUESTRA MISI\u00d3N\t\t\t\t\t\t\t<\/h3>\n\t\t\t\t\t<\/div>\n\t\t\t\t<div class=\"service-content-wrap\">Refire es una empresa formada por un equipo fundado en la pasi\u00f3n por lo que hace y consciente de las necesidades del cliente. Realizamos desarrollos hidromec\u00e1nicos durables, usando componentes est\u00e1ndares orientados a facilitar los movimientos de cargas y personas. Adem\u00e1s brindamos un producto que conlleva un servicio de asistencia durante su vida \u00fatil.<\/div>\n\t\t\t\t\t<\/div>\n<\/div>\n<\/div><\/div><\/div><div id=\"pgc-w5dfa870fd17b9-3-1\"  class=\"panel-grid-cell\" ><div id=\"panel-w5dfa870fd17b9-3-1-0\" class=\"so-panel widget widget_themegrill_flash_service tg-widget tg-single-service panel-first-child panel-last-child\" data-index=\"6\" ><div class=\"flash_inherit_color panel-widget-style panel-widget-style-for-w5dfa870fd17b9-3-1-0\" >\n<div class=\"tg-service-widget tg-service-layout-1\">\n\t<div class=\"service-wrapper\">\n\t\t<div class=\"service-icon-title-wrapper clearfix\">\n\t\t\t\t\t\t\t\t\t<figure class=\"service-image-wrap\"><img decoding=\"async\" src=\"http:\/\/refire.com.ar\/site\/wp-content\/uploads\/2019\/10\/vision.jpg\" \/><\/figure>\n\t\t\t\t\t\t\t\t\t<h3 class=\"service-title-wrap\">\n\t\t\t\tNUESTRA VISI\u00d3N\t\t\t\t\t\t\t<\/h3>\n\t\t\t\t\t<\/div>\n\t\t\t\t<div class=\"service-content-wrap\">Apostamos a ser reconocidos por la calidad de nuestros productos, expandiendo nuestro negocio a nivel internacional teniendo como motor mayor la satisfacci\u00f3n del cliente.<\/div>\n\t\t\t\t\t<\/div>\n<\/div>\n<\/div><\/div><\/div><\/div><\/div><\/div><\/div><\/div><\/div><div id=\"pg-8-1\"  class=\"panel-grid panel-has-style\" ><div class=\"siteorigin-panels-stretch panel-row-style panel-row-style-for-8-1\" data-stretch-type=\"full\" ><div id=\"pgc-8-1-0\"  class=\"panel-grid-cell\" ><div id=\"panel-8-1-0-0\" class=\"so-panel widget widget_themegrill_flash_cta tg-widget call-to-action-section panel-first-child panel-last-child\" data-index=\"1\" ><div class=\"panel-widget-style panel-widget-style-for-8-1-0-0\" ><div class=\"cta-wrapper call-to-action-section-layout-2\">\n\t<div class=\"section-title-wrapper\">\n\t\t\t\t<h3 class=\"section-title\">\u00bfLISTO PARA SER NUESTRO CLIENTE?<\/h3>\n\t\t\t<\/div>\n\t\t<div class=\"btn-wrapper\">\n\t\t\t\t<a class=\"btn\" href=\"http:\/\/refire.com.ar\/site\/?page_id=18\">Cont\u00e1ctenos<\/a>\n\t\t\t\t\t<\/div>\n\t<\/div>\n<\/div><\/div><\/div><\/div><\/div><\/div>","protected":false},"excerpt":{"rendered":"<p>REFIRE HIDROMEC\u00c1NICA Con m\u00e1s de 30 a\u00f1os en el rubro, Refire Hidromec\u00e1nica, inici\u00f3 su trabajo fabricando m\u00e1quinas y accesorios para [&hellip;]<\/p>\n","protected":false},"author":1,"featured_media":0,"parent":0,"menu_order":0,"comment_status":"closed","ping_status":"closed","template":"page-templates\/pagebuilder.php","meta":{"footnotes":""},"class_list":["post-8","page","type-page","status-publish","hentry"],"yoast_head":"<!-- This site is optimized with the Yoast SEO plugin v26.6 - https:\/\/yoast.com\/wordpress\/plugins\/seo\/ -->\n<title>Empresa - REFIRE<\/title>\n<meta name=\"robots\" content=\"index, follow, max-snippet:-1, max-image-preview:large, max-video-preview:-1\" \/>\n<link rel=\"canonical\" href=\"https:\/\/refire.com.ar\/site\/about\/\" \/>\n<meta property=\"og:locale\" content=\"es_ES\" \/>\n<meta property=\"og:type\" content=\"article\" \/>\n<meta property=\"og:title\" content=\"Empresa - REFIRE\" \/>\n<meta property=\"og:description\" content=\"REFIRE HIDROMEC\u00c1NICA Con m\u00e1s de 30 a\u00f1os en el rubro, Refire Hidromec\u00e1nica, inici\u00f3 su trabajo fabricando m\u00e1quinas y accesorios para [&hellip;]\" \/>\n<meta property=\"og:url\" content=\"https:\/\/refire.com.ar\/site\/about\/\" \/>\n<meta property=\"og:site_name\" content=\"REFIRE\" \/>\n<meta property=\"article:publisher\" content=\"https:\/\/www.facebook.com\/refire.hidromecanicasrl\" \/>\n<meta property=\"article:modified_time\" content=\"2019-12-18T20:07:43+00:00\" \/>\n<meta name=\"twitter:card\" content=\"summary_large_image\" \/>\n<meta name=\"twitter:label1\" content=\"Tiempo de lectura\" \/>\n\t<meta name=\"twitter:data1\" content=\"2 minutos\" \/>\n<script type=\"application\/ld+json\" class=\"yoast-schema-graph\">{\"@context\":\"https:\/\/schema.org\",\"@graph\":[{\"@type\":\"WebPage\",\"@id\":\"https:\/\/refire.com.ar\/site\/about\/\",\"url\":\"https:\/\/refire.com.ar\/site\/about\/\",\"name\":\"Empresa - REFIRE\",\"isPartOf\":{\"@id\":\"http:\/\/refire.com.ar\/site\/#website\"},\"datePublished\":\"2017-01-30T03:39:36+00:00\",\"dateModified\":\"2019-12-18T20:07:43+00:00\",\"breadcrumb\":{\"@id\":\"https:\/\/refire.com.ar\/site\/about\/#breadcrumb\"},\"inLanguage\":\"es-AR\",\"potentialAction\":[{\"@type\":\"ReadAction\",\"target\":[\"https:\/\/refire.com.ar\/site\/about\/\"]}]},{\"@type\":\"BreadcrumbList\",\"@id\":\"https:\/\/refire.com.ar\/site\/about\/#breadcrumb\",\"itemListElement\":[{\"@type\":\"ListItem\",\"position\":1,\"name\":\"Inicio\",\"item\":\"http:\/\/refire.com.ar\/site\/\"},{\"@type\":\"ListItem\",\"position\":2,\"name\":\"Empresa\"}]},{\"@type\":\"WebSite\",\"@id\":\"http:\/\/refire.com.ar\/site\/#website\",\"url\":\"http:\/\/refire.com.ar\/site\/\",\"name\":\"REFIRE\",\"description\":\"Desarrollos Hidromec\u00e1nicos\",\"publisher\":{\"@id\":\"http:\/\/refire.com.ar\/site\/#organization\"},\"potentialAction\":[{\"@type\":\"SearchAction\",\"target\":{\"@type\":\"EntryPoint\",\"urlTemplate\":\"http:\/\/refire.com.ar\/site\/?s={search_term_string}\"},\"query-input\":{\"@type\":\"PropertyValueSpecification\",\"valueRequired\":true,\"valueName\":\"search_term_string\"}}],\"inLanguage\":\"es-AR\"},{\"@type\":\"Organization\",\"@id\":\"http:\/\/refire.com.ar\/site\/#organization\",\"name\":\"Refire Desarrollos Hidromec\u00e1nicos\",\"url\":\"http:\/\/refire.com.ar\/site\/\",\"logo\":{\"@type\":\"ImageObject\",\"inLanguage\":\"es-AR\",\"@id\":\"http:\/\/refire.com.ar\/site\/#\/schema\/logo\/image\/\",\"url\":\"http:\/\/refire.com.ar\/site\/wp-content\/uploads\/2019\/08\/isologo.jpg\",\"contentUrl\":\"http:\/\/refire.com.ar\/site\/wp-content\/uploads\/2019\/08\/isologo.jpg\",\"width\":350,\"height\":97,\"caption\":\"Refire Desarrollos Hidromec\u00e1nicos\"},\"image\":{\"@id\":\"http:\/\/refire.com.ar\/site\/#\/schema\/logo\/image\/\"},\"sameAs\":[\"https:\/\/www.facebook.com\/refire.hidromecanicasrl\"]}]}<\/script>\n<!-- \/ Yoast SEO plugin. -->","yoast_head_json":{"title":"Empresa - REFIRE","robots":{"index":"index","follow":"follow","max-snippet":"max-snippet:-1","max-image-preview":"max-image-preview:large","max-video-preview":"max-video-preview:-1"},"canonical":"https:\/\/refire.com.ar\/site\/about\/","og_locale":"es_ES","og_type":"article","og_title":"Empresa - REFIRE","og_description":"REFIRE HIDROMEC\u00c1NICA Con m\u00e1s de 30 a\u00f1os en el rubro, Refire Hidromec\u00e1nica, inici\u00f3 su trabajo fabricando m\u00e1quinas y accesorios para [&hellip;]","og_url":"https:\/\/refire.com.ar\/site\/about\/","og_site_name":"REFIRE","article_publisher":"https:\/\/www.facebook.com\/refire.hidromecanicasrl","article_modified_time":"2019-12-18T20:07:43+00:00","twitter_card":"summary_large_image","twitter_misc":{"Tiempo de lectura":"2 minutos"},"schema":{"@context":"https:\/\/schema.org","@graph":[{"@type":"WebPage","@id":"https:\/\/refire.com.ar\/site\/about\/","url":"https:\/\/refire.com.ar\/site\/about\/","name":"Empresa - REFIRE","isPartOf":{"@id":"http:\/\/refire.com.ar\/site\/#website"},"datePublished":"2017-01-30T03:39:36+00:00","dateModified":"2019-12-18T20:07:43+00:00","breadcrumb":{"@id":"https:\/\/refire.com.ar\/site\/about\/#breadcrumb"},"inLanguage":"es-AR","potentialAction":[{"@type":"ReadAction","target":["https:\/\/refire.com.ar\/site\/about\/"]}]},{"@type":"BreadcrumbList","@id":"https:\/\/refire.com.ar\/site\/about\/#breadcrumb","itemListElement":[{"@type":"ListItem","position":1,"name":"Inicio","item":"http:\/\/refire.com.ar\/site\/"},{"@type":"ListItem","position":2,"name":"Empresa"}]},{"@type":"WebSite","@id":"http:\/\/refire.com.ar\/site\/#website","url":"http:\/\/refire.com.ar\/site\/","name":"REFIRE","description":"Desarrollos Hidromec\u00e1nicos","publisher":{"@id":"http:\/\/refire.com.ar\/site\/#organization"},"potentialAction":[{"@type":"SearchAction","target":{"@type":"EntryPoint","urlTemplate":"http:\/\/refire.com.ar\/site\/?s={search_term_string}"},"query-input":{"@type":"PropertyValueSpecification","valueRequired":true,"valueName":"search_term_string"}}],"inLanguage":"es-AR"},{"@type":"Organization","@id":"http:\/\/refire.com.ar\/site\/#organization","name":"Refire Desarrollos Hidromec\u00e1nicos","url":"http:\/\/refire.com.ar\/site\/","logo":{"@type":"ImageObject","inLanguage":"es-AR","@id":"http:\/\/refire.com.ar\/site\/#\/schema\/logo\/image\/","url":"http:\/\/refire.com.ar\/site\/wp-content\/uploads\/2019\/08\/isologo.jpg","contentUrl":"http:\/\/refire.com.ar\/site\/wp-content\/uploads\/2019\/08\/isologo.jpg","width":350,"height":97,"caption":"Refire Desarrollos Hidromec\u00e1nicos"},"image":{"@id":"http:\/\/refire.com.ar\/site\/#\/schema\/logo\/image\/"},"sameAs":["https:\/\/www.facebook.com\/refire.hidromecanicasrl"]}]}},"_links":{"self":[{"href":"http:\/\/refire.com.ar\/site\/wp-json\/wp\/v2\/pages\/8","targetHints":{"allow":["GET"]}}],"collection":[{"href":"http:\/\/refire.com.ar\/site\/wp-json\/wp\/v2\/pages"}],"about":[{"href":"http:\/\/refire.com.ar\/site\/wp-json\/wp\/v2\/types\/page"}],"author":[{"embeddable":true,"href":"http:\/\/refire.com.ar\/site\/wp-json\/wp\/v2\/users\/1"}],"replies":[{"embeddable":true,"href":"http:\/\/refire.com.ar\/site\/wp-json\/wp\/v2\/comments?post=8"}],"version-history":[{"count":42,"href":"http:\/\/refire.com.ar\/site\/wp-json\/wp\/v2\/pages\/8\/revisions"}],"predecessor-version":[{"id":915,"href":"http:\/\/refire.com.ar\/site\/wp-json\/wp\/v2\/pages\/8\/revisions\/915"}],"wp:attachment":[{"href":"http:\/\/refire.com.ar\/site\/wp-json\/wp\/v2\/media?parent=8"}],"curies":[{"name":"wp","href":"https:\/\/api.w.org\/{rel}","templated":true}]}}